{"id":2,"date":"2016-05-10T03:48:21","date_gmt":"2016-05-10T03:48:21","guid":{"rendered":"http:\/\/pbl-wgl.de\/?page_id=2"},"modified":"2022-10-03T16:33:04","modified_gmt":"2022-10-03T16:33:04","slug":"sample-page","status":"publish","type":"page","link":"https:\/\/pbl-wgl.de\/?page_id=2","title":{"rendered":"Die Koordinierungsgruppe"},"content":{"rendered":"\n<p>Die Koordinierungsgruppe (PBL-KG) vertritt die Interessen der Personal- und Betriebsr\u00e4te der Leibnizgemeinschaft zwischen den Jahrestagungen. Sie besteht aus etwa 12 Personen und w\u00e4hlt aus Ihrer Mitte zwei SprecherInnen. Die PBL-KG trifft sich regelm\u00e4\u00dfig, ber\u00e4t aktuelle forschungspolitische Themen und bereitet im abwechselnden Turnus zusammen mit Ver.di und der GEW Qualifizierungsseminare der PBL vor.<br>Die PBL-KG entsendet ebenfalls Mitglieder in die Gremien der AGBR (Arbeitsgemeinschaft der Personal- und Betriebsr\u00e4te der au\u00dferuniversit\u00e4ren Forschungseinrichtungen) und h\u00e4lt Kontakt zum Pr\u00e4sidium der Leibnizgemeinschaft sowie den forschungspolitisch Verantwortlichen in Parteien, Gewerkschaften und sonstigen forschungspolitischen Organisationen auf nationaler und internationaler Ebene.<\/p>\n\n\n\n<div class=\"default-style\"><strong>SprecherInnenrat:<\/strong><\/div>\n\n\n\n<div class=\"default-style\">&nbsp;<\/div>\n\n\n\n<div class=\"default-style\">\n<div class=\"default-style\">Susanne Auls (Sprecherin) , c\/o Leibniz-Institut f\u00fcr Zoo- und Wildtierforschung (IZW)<br>im Forschungsverbund Berlin e.V., Alfred-Kowalke-Stra\u00dfe 17, 10315 Berlin<br><a href=\"mailto:auls@izw-berlin.de\">auls@izw-berlin.de<\/a><\/div>\n<div class=\"default-style\">&nbsp;<\/div>\n<div class=\"default-style\">Udo Borchert (Sprecher), c\/o WZB, Reichpietschufer 50, D-10785 Berlin<\/div>\n<\/div>\n\n\n\n<div class=\"default-style\"><a href=\"mailto:udo.borchert@wzb.eu\">udo.borchert@wzb.eu<\/a><\/div>\n\n\n\n<div class=\"default-style\">&nbsp;<\/div>\n\n\n\n<div class=\"default-style\">Monika Langhans (Sprecherin), c\/o GESIS \u2013 Leibniz-Institut f\u00fcr Sozialwissenschaften<br>Unter Sachsenhausen 6-8, 50667 K\u00f6ln,<br><a href=\"mailto:Monika.Langhans@gesis.org\">Monika.Langhans@gesis.org<\/a><\/div>\n\n\n\n<div>&nbsp;<\/div>\n\n\n\n<div>&nbsp;<\/div>\n\n\n\n<div>Allgemeine Anfragen an die PBL-KG bitte an <a href=\"mailto:info@pbl-wgl.de\">info@pbl-wgl.de <\/a><\/div>\n\n\n\n<div class=\"default-style\">&nbsp;<\/div>\n","protected":false},"excerpt":{"rendered":"<p>Die Koordinierungsgruppe (PBL-KG) vertritt die Interessen der Personal- und Betriebsr\u00e4te der Leibnizgemeinschaft zwischen den Jahrestagungen. Sie besteht aus etwa 12 Personen und w\u00e4hlt aus Ihrer Mitte zwei SprecherInnen. Die PBL-KG trifft sich regelm\u00e4\u00dfig, ber\u00e4t aktuelle forschungspolitische Themen und bereitet im abwechselnden Turnus zusammen mit Ver.di und der GEW Qualifizierungsseminare der PBL vor.Die PBL-KG entsendet ebenfalls Mitglieder in die Gremien der<\/p>\n","protected":false},"author":1,"featured_media":0,"parent":0,"menu_order":0,"comment_status":"closed","ping_status":"open","template":"","meta":{"footnotes":""},"class_list":["post-2","page","type-page","status-publish","hentry"],"_links":{"self":[{"href":"https:\/\/pbl-wgl.de\/index.php?rest_route=\/wp\/v2\/pages\/2","targetHints":{"allow":["GET"]}}],"collection":[{"href":"https:\/\/pbl-wgl.de\/index.php?rest_route=\/wp\/v2\/pages"}],"about":[{"href":"https:\/\/pbl-wgl.de\/index.php?rest_route=\/wp\/v2\/types\/page"}],"author":[{"embeddable":true,"href":"https:\/\/pbl-wgl.de\/index.php?rest_route=\/wp\/v2\/users\/1"}],"replies":[{"embeddable":true,"href":"https:\/\/pbl-wgl.de\/index.php?rest_route=%2Fwp%2Fv2%2Fcomments&post=2"}],"version-history":[{"count":9,"href":"https:\/\/pbl-wgl.de\/index.php?rest_route=\/wp\/v2\/pages\/2\/revisions"}],"predecessor-version":[{"id":198,"href":"https:\/\/pbl-wgl.de\/index.php?rest_route=\/wp\/v2\/pages\/2\/revisions\/198"}],"wp:attachment":[{"href":"https:\/\/pbl-wgl.de\/index.php?rest_route=%2Fwp%2Fv2%2Fmedia&parent=2"}],"curies":[{"name":"wp","href":"https:\/\/api.w.org\/{rel}","templated":true}]}}