{"id":32,"date":"2018-04-28T13:15:39","date_gmt":"2018-04-28T13:15:39","guid":{"rendered":"https:\/\/pbl-wgl.de\/?page_id=32"},"modified":"2022-09-22T11:21:17","modified_gmt":"2022-09-22T11:21:17","slug":"wer-wir-sind","status":"publish","type":"page","link":"https:\/\/pbl-wgl.de\/?page_id=32","title":{"rendered":"Wer wir sind"},"content":{"rendered":"<p>Die Leibniz-Gemeinschaft verbindet 97 selbst\u00e4ndige Forschungseinrichtungen.<\/p>\n<p>Ihre Ausrichtung reicht von den Natur-, Ingenieur- und Umweltwissenschaften \u00fcber die Wirtschafts-, Raum- und Sozialwissenschaften bis zu den Geisteswissenschaften. Aufgrund ihrer gesamtstaatlichen Bedeutung f\u00f6rdern Bund und L\u00e4nder die Institute der Leibniz-Gemeinschaft, an denen \u00fcber\u00a0 20.000 Personen besch\u00e4ftigt sind.<\/p>\n<p>Die Betriebs- und Personalr\u00e4te der Leibniz-Gemeinschaft vertreten die Interessen der Mitarbeiter und Mitarbeiterinnen in den Instituten.<\/p>\n<p>Hier informieren wir \u00fcber unsere Aktivit\u00e4ten.<\/p>\n<p>Diese Website wird unabh\u00e4ngig von der Leibniz-Gemeinschaft von der Koordinierunggruppe der Betriebs- und Personalr\u00e4te (PBL-KG) betrieben.<\/p>\n","protected":false},"excerpt":{"rendered":"<p>Die Leibniz-Gemeinschaft verbindet 97 selbst\u00e4ndige Forschungseinrichtungen. Ihre Ausrichtung reicht von den Natur-, Ingenieur- und Umweltwissenschaften \u00fcber die Wirtschafts-, Raum- und Sozialwissenschaften bis zu den Geisteswissenschaften. Aufgrund ihrer gesamtstaatlichen Bedeutung f\u00f6rdern Bund und L\u00e4nder die Institute der Leibniz-Gemeinschaft, an denen \u00fcber\u00a0 20.000 Personen besch\u00e4ftigt sind. Die Betriebs- und Personalr\u00e4te der Leibniz-Gemeinschaft vertreten die Interessen der Mitarbeiter und Mitarbeiterinnen in den Instituten.<\/p>\n","protected":false},"author":1,"featured_media":0,"parent":0,"menu_order":0,"comment_status":"closed","ping_status":"closed","template":"","meta":{"footnotes":""},"class_list":["post-32","page","type-page","status-publish","hentry"],"_links":{"self":[{"href":"https:\/\/pbl-wgl.de\/index.php?rest_route=\/wp\/v2\/pages\/32","targetHints":{"allow":["GET"]}}],"collection":[{"href":"https:\/\/pbl-wgl.de\/index.php?rest_route=\/wp\/v2\/pages"}],"about":[{"href":"https:\/\/pbl-wgl.de\/index.php?rest_route=\/wp\/v2\/types\/page"}],"author":[{"embeddable":true,"href":"https:\/\/pbl-wgl.de\/index.php?rest_route=\/wp\/v2\/users\/1"}],"replies":[{"embeddable":true,"href":"https:\/\/pbl-wgl.de\/index.php?rest_route=%2Fwp%2Fv2%2Fcomments&post=32"}],"version-history":[{"count":5,"href":"https:\/\/pbl-wgl.de\/index.php?rest_route=\/wp\/v2\/pages\/32\/revisions"}],"predecessor-version":[{"id":183,"href":"https:\/\/pbl-wgl.de\/index.php?rest_route=\/wp\/v2\/pages\/32\/revisions\/183"}],"wp:attachment":[{"href":"https:\/\/pbl-wgl.de\/index.php?rest_route=%2Fwp%2Fv2%2Fmedia&parent=32"}],"curies":[{"name":"wp","href":"https:\/\/api.w.org\/{rel}","templated":true}]}}