{"id":38,"date":"2018-04-28T13:57:33","date_gmt":"2018-04-28T13:57:33","guid":{"rendered":"https:\/\/pbl-wgl.de\/?page_id=38"},"modified":"2022-11-21T14:33:22","modified_gmt":"2022-11-21T14:33:22","slug":"unsere-netzwerke","status":"publish","type":"page","link":"https:\/\/pbl-wgl.de\/?page_id=38","title":{"rendered":"Unsere Netzwerke"},"content":{"rendered":"<p>Diese Website wird von den Personal-und Betriebsr\u00e4ten der Leibnizgemeinschaft betrieben.<\/p>\n<p>Die Personal- und Betriebsr\u00e4te (PBL) der Leibnizgemeinschaft treffen sich einmal im Jahr und w\u00e4hlen aus ihrer Mitte eine Koordinierungsgruppe(PBL-KG), die zwischen den Jahren die Interessen der PBL gegen\u00fcber Dritten vertritt und die Kontakte unter den Betriebs- und Personalr\u00e4ten u.a. durch diese Website f\u00f6rdert.<\/p>\n<p>Die PBL ist Mitglied der Arbeitsgemeinschaft der Betriebs- und Personalr\u00e4te der au\u00dferuniversit\u00e4ren Forschungseinrichtungen <a href=\"https:\/\/agbr.de\" target=\"_blank\" rel=\"noopener\">AGBR\u00a0<\/a>und unterh\u00e4lt Kontakte zu den Gewerkschaften <a href=\"https:\/\/www.gew.de\/wissenschaft\" target=\"_blank\" rel=\"noopener\">GEW<\/a> und <a href=\"https:\/\/gesundheit-soziales-bildung.verdi.de\/mein-arbeitsplatz\/forschung\" target=\"_blank\" rel=\"noopener\">ver.di<\/a>, zu den Interessenvertretungen der\u00a0 Doktorandinnen und Doktoranden des <a href=\"https:\/\/www.leibniz-gemeinschaft.de\/karriere\/karriere-in-der-wissenschaft\/promotion-in-der-leibniz-gemeinschaft\/leibniz-phd-network\" target=\"_blank\" rel=\"noopener\">Leibniz PhD-Net<\/a> und dem Postdocs des\u00a0<a href=\"https:\/\/www.leibniz-gemeinschaft.de\/karriere\/karriere-in-der-wissenschaft\/postdoc-in-der-leibniz-gemeinschaft\/leibniz-postdoc-network\" target=\"_blank\" rel=\"noopener\">Leibniz Post-Doc-Netzwerk<\/a> sowie dem <a href=\"https:\/\/www.leibniz-gemeinschaft.de\/ueber-uns\/organisation\/gremien\" target=\"_blank\" rel=\"noopener\">Arbeitskreis Chancengleichheit und Diversit\u00e4t der Leibnizgemeinschaft<\/a>.<\/p>\n<p>Als zunehmend wichtig und notwendig erachten wir die Zusammenarbeit mit den Personalr\u00e4ten der Hochschulen und Fachhochschulen.<\/p>\n<p>Unser Ziel ist es ebenfalls, verst\u00e4rkt mit den f\u00fcr uns zust\u00e4ndigen Zuwendungsgebern in Bund und L\u00e4ndern, den VertreterInnen der Wissenschaftsorganisationen und den wissenschaftspolitischen Gremien in Bund und L\u00e4ndern vertrauensvoll zusammenzuarbeiten.<\/p>\n","protected":false},"excerpt":{"rendered":"<p>Diese Website wird von den Personal-und Betriebsr\u00e4ten der Leibnizgemeinschaft betrieben. Die Personal- und Betriebsr\u00e4te (PBL) der Leibnizgemeinschaft treffen sich einmal im Jahr und w\u00e4hlen aus ihrer Mitte eine Koordinierungsgruppe(PBL-KG), die zwischen den Jahren die Interessen der PBL gegen\u00fcber Dritten vertritt und die Kontakte unter den Betriebs- und Personalr\u00e4ten u.a. durch diese Website f\u00f6rdert. Die PBL ist Mitglied der Arbeitsgemeinschaft der<\/p>\n","protected":false},"author":1,"featured_media":0,"parent":0,"menu_order":0,"comment_status":"closed","ping_status":"closed","template":"","meta":{"footnotes":""},"class_list":["post-38","page","type-page","status-publish","hentry"],"_links":{"self":[{"href":"https:\/\/pbl-wgl.de\/index.php?rest_route=\/wp\/v2\/pages\/38","targetHints":{"allow":["GET"]}}],"collection":[{"href":"https:\/\/pbl-wgl.de\/index.php?rest_route=\/wp\/v2\/pages"}],"about":[{"href":"https:\/\/pbl-wgl.de\/index.php?rest_route=\/wp\/v2\/types\/page"}],"author":[{"embeddable":true,"href":"https:\/\/pbl-wgl.de\/index.php?rest_route=\/wp\/v2\/users\/1"}],"replies":[{"embeddable":true,"href":"https:\/\/pbl-wgl.de\/index.php?rest_route=%2Fwp%2Fv2%2Fcomments&post=38"}],"version-history":[{"count":11,"href":"https:\/\/pbl-wgl.de\/index.php?rest_route=\/wp\/v2\/pages\/38\/revisions"}],"predecessor-version":[{"id":208,"href":"https:\/\/pbl-wgl.de\/index.php?rest_route=\/wp\/v2\/pages\/38\/revisions\/208"}],"wp:attachment":[{"href":"https:\/\/pbl-wgl.de\/index.php?rest_route=%2Fwp%2Fv2%2Fmedia&parent=38"}],"curies":[{"name":"wp","href":"https:\/\/api.w.org\/{rel}","templated":true}]}}