{"id":56,"date":"2018-04-28T15:03:58","date_gmt":"2018-04-28T15:03:58","guid":{"rendered":"https:\/\/pbl-wgl.de\/?page_id=56"},"modified":"2020-12-24T14:39:58","modified_gmt":"2020-12-24T14:39:58","slug":"impressum","status":"publish","type":"page","link":"https:\/\/pbl-wgl.de\/?page_id=56","title":{"rendered":"Impressum"},"content":{"rendered":"<p>Impressum<\/p>\n<p>1. Anbieterkennzeichnung<\/p>\n<p>Name und Anschrift des Diensteanbieters:<\/p>\n<p>Bernd Bibra, Forster Strasse 36, D-10999 Berlin<\/p>\n<p>Webmaster:<\/p>\n<p>Bernd Bibra, Forster Strasse 36, D-10999 Berlin<\/p>\n<p>2. Haftungsausschluss<\/p>\n<p>Die Inhalte dieser Website werden mit gr\u00f6\u00dftm\u00f6glicher Sorgfalt<br \/>\nrecherchiert und implementiert. Fehler im Bearbeitungsvorgang sind<br \/>\ndennoch nicht auszuschlie\u00dfen. Hinweise und Korrekturen senden Sie bitte<br \/>\nan eine der hier aufgef\u00fchrten Adressen.<\/p>\n<p>Eine Haftung f\u00fcr die Richtigkeit, Vollst\u00e4ndigkeit und<br \/>\nAktualit\u00e4t dieser Webseiten kann trotz sorgf\u00e4ltiger Pr\u00fcfung nicht<br \/>\n\u00fcbernommen werden. Wir \u00fcbernehmen insbesondere keinerlei<br \/>\nHaftung f\u00fcr eventuelle Sch\u00e4den oder Konsequenzen, die durch die direkte<br \/>\noder indirekte Nutzung der angebotenen Inhalte entstehen.<\/p>\n<p>pbl-wgl.de\u00a0 ist als Inhaltsanbieter f\u00fcr die eigenen<br \/>\nInhalte, die es zur Nutzung bereith\u00e4lt, nach den allgemeinen Gesetzen<br \/>\nverantwortlich. Von diesen eigenen Inhalten sind Querverweise (&#8222;externe<br \/>\nLinks&#8220;) auf die von anderen Anbietern bereitgehaltenen Inhalte zu<br \/>\nunterscheiden. Diese fremden Inhalte stammen weder von uns, noch haben<br \/>\nwir die M\u00f6glichkeit, den Inhalt von Seiten Dritter zu beeinflussen. Die<br \/>\nInhalte fremder Seiten, auf die wir mittels Links hinweisen, spiegeln<br \/>\nnicht unsere Meinung wieder, sondern dienen lediglich der Information<br \/>\nund der Darstellung von Zusammenh\u00e4ngen. Wir haften nicht f\u00fcr fremde<br \/>\nInhalte, auf die wir lediglich im oben genannten Sinne hinweisen. Die<br \/>\nVerantwortlichkeit liegt alleine bei dem Anbieter der Inhalte.<\/p>\n<p>Hinweise \u00fcber missbr\u00e4uchliche Nutzung, die aus dem<br \/>\nIP-Namensbereich www.pbl-wgl.de ausgehen, senden Sie bitte an die<br \/>\nE-Mail-Adresse: bbibra@berndbibra.de<\/p>\n<p>3. Urheberrecht<\/p>\n<p>Die auf den Internet-Seiten des Diensteanbieters bereitgestellten Werke<br \/>\nstehen unter der GPL. Daher bedarf es f\u00fcr jede Nutzung keiner<br \/>\nvorherigen Genehmigung. Wir m\u00f6chten ausdr\u00fccklich darauf hinweisen, dass<br \/>\nes sich bei den bereit gehaltenen Werken um (freie) amtliche Werke im<br \/>\nSinne des \u00a7 5 UrhG handelt. Bei Nutzung der bereitgestellten Werke<br \/>\nbittet der Diensteanbieter um ein Belegexemplar an eine der<br \/>\nKontaktadressen.<\/p>\n<p>4. Kommunikation \u00fcber E-Mail<\/p>\n<p>Kommunikation via E-Mail kann Sicherheitsl\u00fccken aufweisen.<br \/>\nBeispielsweise k\u00f6nnen E-Mails auf ihrem Weg an die Website pbl-wgl.de<br \/>\nvon versierten Internet-Nutzern aufgehalten und eingesehen werden.<br \/>\nSollten wir eine E-Mail von Ihnen erhalten, so gehen wir davon aus,<br \/>\ndass wir zu einer Beantwortung per E-Mail berechtigt sind.<\/p>\n","protected":false},"excerpt":{"rendered":"<p>Impressum 1. Anbieterkennzeichnung Name und Anschrift des Diensteanbieters: Bernd Bibra, Forster Strasse 36, D-10999 Berlin Webmaster: Bernd Bibra, Forster Strasse 36, D-10999 Berlin 2. Haftungsausschluss Die Inhalte dieser Website werden mit gr\u00f6\u00dftm\u00f6glicher Sorgfalt recherchiert und implementiert. Fehler im Bearbeitungsvorgang sind dennoch nicht auszuschlie\u00dfen. Hinweise und Korrekturen senden Sie bitte an eine der hier aufgef\u00fchrten Adressen. Eine Haftung f\u00fcr die Richtigkeit,<\/p>\n","protected":false},"author":1,"featured_media":0,"parent":0,"menu_order":0,"comment_status":"closed","ping_status":"closed","template":"","meta":{"footnotes":""},"class_list":["post-56","page","type-page","status-publish","hentry"],"_links":{"self":[{"href":"https:\/\/pbl-wgl.de\/index.php?rest_route=\/wp\/v2\/pages\/56","targetHints":{"allow":["GET"]}}],"collection":[{"href":"https:\/\/pbl-wgl.de\/index.php?rest_route=\/wp\/v2\/pages"}],"about":[{"href":"https:\/\/pbl-wgl.de\/index.php?rest_route=\/wp\/v2\/types\/page"}],"author":[{"embeddable":true,"href":"https:\/\/pbl-wgl.de\/index.php?rest_route=\/wp\/v2\/users\/1"}],"replies":[{"embeddable":true,"href":"https:\/\/pbl-wgl.de\/index.php?rest_route=%2Fwp%2Fv2%2Fcomments&post=56"}],"version-history":[{"count":6,"href":"https:\/\/pbl-wgl.de\/index.php?rest_route=\/wp\/v2\/pages\/56\/revisions"}],"predecessor-version":[{"id":145,"href":"https:\/\/pbl-wgl.de\/index.php?rest_route=\/wp\/v2\/pages\/56\/revisions\/145"}],"wp:attachment":[{"href":"https:\/\/pbl-wgl.de\/index.php?rest_route=%2Fwp%2Fv2%2Fmedia&parent=56"}],"curies":[{"name":"wp","href":"https:\/\/api.w.org\/{rel}","templated":true}]}}